{"id":8,"date":"2026-03-19T21:55:07","date_gmt":"2026-03-19T21:55:07","guid":{"rendered":"https:\/\/pegazu.com\/?page_id=8"},"modified":"2026-03-19T21:56:03","modified_gmt":"2026-03-19T21:56:03","slug":"inicio","status":"publish","type":"page","link":"https:\/\/pegazu.com\/","title":{"rendered":"Inicio-temp"},"content":{"rendered":"\t\t<div data-elementor-type=\"wp-page\" data-elementor-id=\"8\" class=\"elementor elementor-8\">\n\t\t\t\t<div class=\"elementor-element elementor-element-6c7ebd2 e-con-full e-flex e-con e-parent\" data-id=\"6c7ebd2\" data-element_type=\"container\" data-e-type=\"container\">\n\t\t<div class=\"elementor-element elementor-element-0ae9418 e-flex e-con-boxed e-con e-child\" data-id=\"0ae9418\" data-element_type=\"container\" data-e-type=\"container\">\n\t\t\t\t\t<div class=\"e-con-inner\">\n\t\t\t\t<div class=\"elementor-element elementor-element-447d03f elementor-widget elementor-widget-image\" data-id=\"447d03f\" data-element_type=\"widget\" data-e-type=\"widget\" data-widget_type=\"image.default\">\n\t\t\t\t\t\t\t\t\t\t\t\t\t\t\t<img fetchpriority=\"high\" decoding=\"async\" width=\"1000\" height=\"630\" src=\"https:\/\/pegazu.com\/wp-content\/uploads\/2026\/03\/logo-pegazu-blanco.png\" class=\"attachment-large size-large wp-image-10\" alt=\"\" srcset=\"https:\/\/pegazu.com\/wp-content\/uploads\/2026\/03\/logo-pegazu-blanco.png 1000w, https:\/\/pegazu.com\/wp-content\/uploads\/2026\/03\/logo-pegazu-blanco-300x189.png 300w, https:\/\/pegazu.com\/wp-content\/uploads\/2026\/03\/logo-pegazu-blanco-768x484.png 768w\" sizes=\"(max-width: 1000px) 100vw, 1000px\" \/>\t\t\t\t\t\t\t\t\t\t\t\t\t\t\t<\/div>\n\t\t<div class=\"elementor-element elementor-element-ad8190b e-con-full e-flex e-con e-child\" data-id=\"ad8190b\" data-element_type=\"container\" data-e-type=\"container\">\n\t\t\t\t<div class=\"elementor-element elementor-element-52093b6 elementor-widget elementor-widget-text-editor\" data-id=\"52093b6\" data-element_type=\"widget\" data-e-type=\"widget\" data-widget_type=\"text-editor.default\">\n\t\t\t\t\t\t\t\t\t<p data-start=\"109\" data-end=\"301\">En Pegazu desarrollamos soluciones de alta tecnolog\u00eda que integran telecomunicaciones, IoT y algoritmos avanzados en visi\u00f3n computacional, procesamiento de se\u00f1ales y modelos de lenguaje (LLM).<\/p><p data-start=\"303\" data-end=\"459\">Con m\u00e1s de 10 a\u00f1os de experiencia, impulsamos proyectos innovadores en miner\u00eda y defensa, abordando desaf\u00edos complejos con soluciones robustas y eficientes.<\/p><p data-start=\"461\" data-end=\"594\">Nuestro equipo de ingenier\u00eda combina conocimiento experto y ejecuci\u00f3n en terreno para transformar tecnolog\u00eda en resultados concretos.<\/p>\t\t\t\t\t\t\t\t<\/div>\n\t\t\t\t<div class=\"elementor-element elementor-element-838a60e elementor-icon-list--layout-traditional elementor-list-item-link-full_width elementor-widget elementor-widget-icon-list\" data-id=\"838a60e\" data-element_type=\"widget\" data-e-type=\"widget\" data-widget_type=\"icon-list.default\">\n\t\t\t\t\t\t\t<ul class=\"elementor-icon-list-items\">\n\t\t\t\t\t\t\t<li class=\"elementor-icon-list-item\">\n\t\t\t\t\t\t\t\t\t\t\t<span class=\"elementor-icon-list-icon\">\n\t\t\t\t\t\t\t<svg aria-hidden=\"true\" class=\"e-font-icon-svg e-far-envelope\" viewBox=\"0 0 512 512\" xmlns=\"http:\/\/www.w3.org\/2000\/svg\"><path d=\"M464 64H48C21.49 64 0 85.49 0 112v288c0 26.51 21.49 48 48 48h416c26.51 0 48-21.49 48-48V112c0-26.51-21.49-48-48-48zm0 48v40.805c-22.422 18.259-58.168 46.651-134.587 106.49-16.841 13.247-50.201 45.072-73.413 44.701-23.208.375-56.579-31.459-73.413-44.701C106.18 199.465 70.425 171.067 48 152.805V112h416zM48 400V214.398c22.914 18.251 55.409 43.862 104.938 82.646 21.857 17.205 60.134 55.186 103.062 54.955 42.717.231 80.509-37.199 103.053-54.947 49.528-38.783 82.032-64.401 104.947-82.653V400H48z\"><\/path><\/svg>\t\t\t\t\t\t<\/span>\n\t\t\t\t\t\t\t\t\t\t<span class=\"elementor-icon-list-text\">contacto@pegazu.com <\/span>\n\t\t\t\t\t\t\t\t\t<\/li>\n\t\t\t\t\t\t\t\t<li class=\"elementor-icon-list-item\">\n\t\t\t\t\t\t\t\t\t\t\t<span class=\"elementor-icon-list-icon\">\n\t\t\t\t\t\t\t<svg aria-hidden=\"true\" class=\"e-font-icon-svg e-fas-map-marker-alt\" viewBox=\"0 0 384 512\" xmlns=\"http:\/\/www.w3.org\/2000\/svg\"><path d=\"M172.268 501.67C26.97 291.031 0 269.413 0 192 0 85.961 85.961 0 192 0s192 85.961 192 192c0 77.413-26.97 99.031-172.268 309.67-9.535 13.774-29.93 13.773-39.464 0zM192 272c44.183 0 80-35.817 80-80s-35.817-80-80-80-80 35.817-80 80 35.817 80 80 80z\"><\/path><\/svg>\t\t\t\t\t\t<\/span>\n\t\t\t\t\t\t\t\t\t\t<span class=\"elementor-icon-list-text\">Av. del Valle 928 of 103 Huechuraba, Santiago - Chile<\/span>\n\t\t\t\t\t\t\t\t\t<\/li>\n\t\t\t\t\t\t<\/ul>\n\t\t\t\t\t\t<\/div>\n\t\t\t\t<\/div>\n\t\t\t\t\t<\/div>\n\t\t\t\t<\/div>\n\t\t\t\t<\/div>\n\t\t\t\t<\/div>\n\t\t","protected":false},"excerpt":{"rendered":"<p>En Pegazu desarrollamos soluciones de alta tecnolog\u00eda que integran telecomunicaciones, IoT y algoritmos avanzados en visi\u00f3n computacional, procesamiento de se\u00f1ales y modelos de lenguaje (LLM). Con m\u00e1s de 10 a\u00f1os de experiencia, impulsamos proyectos innovadores en miner\u00eda y defensa, abordando desaf\u00edos complejos con soluciones robustas y eficientes. Nuestro equipo de ingenier\u00eda combina conocimiento experto y [&hellip;]<\/p>\n","protected":false},"author":1,"featured_media":0,"parent":0,"menu_order":0,"comment_status":"closed","ping_status":"closed","template":"elementor_canvas","meta":{"footnotes":""},"class_list":["post-8","page","type-page","status-publish","hentry"],"_links":{"self":[{"href":"https:\/\/pegazu.com\/index.php\/wp-json\/wp\/v2\/pages\/8","targetHints":{"allow":["GET"]}}],"collection":[{"href":"https:\/\/pegazu.com\/index.php\/wp-json\/wp\/v2\/pages"}],"about":[{"href":"https:\/\/pegazu.com\/index.php\/wp-json\/wp\/v2\/types\/page"}],"author":[{"embeddable":true,"href":"https:\/\/pegazu.com\/index.php\/wp-json\/wp\/v2\/users\/1"}],"replies":[{"embeddable":true,"href":"https:\/\/pegazu.com\/index.php\/wp-json\/wp\/v2\/comments?post=8"}],"version-history":[{"count":4,"href":"https:\/\/pegazu.com\/index.php\/wp-json\/wp\/v2\/pages\/8\/revisions"}],"predecessor-version":[{"id":14,"href":"https:\/\/pegazu.com\/index.php\/wp-json\/wp\/v2\/pages\/8\/revisions\/14"}],"wp:attachment":[{"href":"https:\/\/pegazu.com\/index.php\/wp-json\/wp\/v2\/media?parent=8"}],"curies":[{"name":"wp","href":"https:\/\/api.w.org\/{rel}","templated":true}]}}